{"id":2949,"date":"2014-09-06T15:44:17","date_gmt":"2014-09-06T13:44:17","guid":{"rendered":"https:\/\/woluwevision.be\/home-2\/"},"modified":"2026-04-15T20:48:26","modified_gmt":"2026-04-15T18:48:26","slug":"home","status":"publish","type":"page","link":"https:\/\/woluwevision.be\/fr\/","title":{"rendered":"Bienvenue | Ophtalmologue Nancy Verdonck Heidi Dullaert Woluwe-Saint-Lambert, Bruxelles"},"content":{"rendered":"<section class=\"l-section wpb_row height_medium\"><div class=\"l-section-h i-cf\"><div class=\"g-cols vc_row via_flex valign_top type_default stacking_default\"><div class=\"vc_col-sm-12 wpb_column vc_column_container\"><div class=\"vc_column-inner\"><div class=\"wpb_wrapper\"><div class=\"wpb_text_column\"><div class=\"wpb_wrapper\"><h2 style=\"text-align: center\">Bienvenue chez Woluwevision<\/h2>\n<p style=\"text-align: center\">Woluwevision est un cabinet d\u2019ophtalmologie sp\u00e9cialis\u00e9 dans les maladies li\u00e9es \u00e0 l\u2019\u00e2ge.<\/p>\n<\/div><\/div><div class=\"w-separator size_small\"><\/div><div class=\"g-cols wpb_row via_flex valign_top type_default stacking_default\"><div class=\"vc_col-sm-6 wpb_column vc_column_container\"><div class=\"vc_column-inner us_custom_7e20fa79 us_animate_this\"><div class=\"wpb_wrapper\"><div class=\"w-person layout_simple_circle\" itemscope itemtype=\"https:\/\/schema.org\/Person\"><div class=\"w-person-image\"><img loading=\"lazy\" decoding=\"async\" width=\"600\" height=\"600\" src=\"https:\/\/woluwevision.be\/wp-content\/uploads\/2014\/09\/Verdonck-600x600.jpg\" class=\"attachment-us_600_600_crop size-us_600_600_crop\" alt=\"\" itemprop=\"image\" srcset=\"https:\/\/woluwevision.be\/wp-content\/uploads\/2014\/09\/Verdonck-600x600.jpg 600w, https:\/\/woluwevision.be\/wp-content\/uploads\/2014\/09\/Verdonck-150x150.jpg 150w, https:\/\/woluwevision.be\/wp-content\/uploads\/2014\/09\/Verdonck-350x350.jpg 350w\" sizes=\"auto, (max-width: 600px) 100vw, 600px\" \/><\/div><div class=\"w-person-content\"><h4 itemprop=\"name\" class=\"w-person-name\"><span>Dr. Nancy Verdonck<\/span><\/h4><div class=\"w-person-role\" itemprop=\"jobTitle\">Ophtalmologue<\/div><\/div><\/div><div class=\"wpb_text_column\"><div class=\"wpb_wrapper\"><p>Je suis Dr. Nancy Verdonck, Ophtalmologue trilingue \u00e0 Woluw\u00e9-Saint-Lambert, Bruxelles.<\/p>\n<p>J\u2019ai fait mes \u00e9tudes de m\u00e9decine aux Facult\u00e9s Universitaires Notre Dame de la Paix-Namur et \u00e0 la KUL (Katholieke Universiteit Leuven).<\/p>\n<p>J\u2019ai poursuivi mes ann\u00e9es de sp\u00e9cialisation en Ophtalmologie dans les Cliniques Universitaires de Leuven avec un entrainement chirurgical en Angleterre (Torbay Hospital Torquay UK).<\/p>\n<p>Aujourd\u2019hui je travaille comme ophtalmologue sp\u00e9cialis\u00e9e dans la chirurgie de la cataracte et la r\u00e9tine m\u00e9dicale.<\/p>\n<p>Le but de mon travail est de vous traiter avec les techniques les plus r\u00e9centes, tout en tenant compte de l\u2019\u0153il et de vos attentes.<\/p>\n<p>En esp\u00e9rant pouvoir vous aider prochainement,<\/p>\n<p>Dr. Nancy Verdonck<\/p>\n<\/div><\/div><\/div><\/div><\/div><div class=\"vc_col-sm-6 wpb_column vc_column_container\"><div class=\"vc_column-inner us_custom_47474b22 us_animate_this\"><div class=\"wpb_wrapper\"><div class=\"w-person layout_simple_circle\" itemscope itemtype=\"https:\/\/schema.org\/Person\"><div class=\"w-person-image\"><img loading=\"lazy\" decoding=\"async\" width=\"600\" height=\"600\" src=\"https:\/\/woluwevision.be\/wp-content\/uploads\/2014\/09\/Dullaert-600x600.jpg\" class=\"attachment-us_600_600_crop size-us_600_600_crop\" alt=\"\" itemprop=\"image\" srcset=\"https:\/\/woluwevision.be\/wp-content\/uploads\/2014\/09\/Dullaert-600x600.jpg 600w, https:\/\/woluwevision.be\/wp-content\/uploads\/2014\/09\/Dullaert-150x150.jpg 150w, https:\/\/woluwevision.be\/wp-content\/uploads\/2014\/09\/Dullaert-350x350.jpg 350w\" sizes=\"auto, (max-width: 600px) 100vw, 600px\" \/><\/div><div class=\"w-person-content\"><h4 itemprop=\"name\" class=\"w-person-name\"><span>Dr. Heidi Dullaert<\/span><\/h4><div class=\"w-person-role\" itemprop=\"jobTitle\">Ophtalmologue<\/div><\/div><\/div><div class=\"wpb_text_column\"><div class=\"wpb_wrapper\"><p>Je suis Dr. Heidi Dullaert.<\/p>\n<p>J\u2019ai parcouru mes \u00e9tudes de M\u00e9decine et Ophtalmologie \u00e0 la KUL (Katholieke Universiteit Leuven) et<br \/>\nen Angleterre (Sidcup).<\/p>\n<p>Pendant mes ann\u00e9es de sp\u00e9cialisation, je me suis de plus en plus int\u00e9ress\u00e9e au glaucome et la neuro-ophtalmologie.<\/p>\n<p>Mes ann\u00e9es d\u2019exp\u00e9rience et la mise \u00e0 jour continuelle de mes connaissances, me permettent de vous offrir les meilleurs soins possibles dans les 3 langues.<\/p>\n<p>Dr. Heidi Dullaert<\/p>\n<\/div><\/div><\/div><\/div><\/div><\/div><div class=\"w-separator size_small with_line width_default thick_1 style_solid color_border align_center with_content\"><div class=\"w-separator-h\"><i class=\"fas fa-eye\"><\/i><\/div><\/div><div class=\"wpb_text_column\"><div class=\"wpb_wrapper\"><h2 style=\"text-align: center\">Vous pouvez prendre rendez-vous chez nous pour:<\/h2>\n<\/div><\/div><\/div><\/div><\/div><\/div><\/div><\/section><section class=\"l-section wpb_row height_small color_secondary\"><div class=\"l-section-h i-cf\"><div class=\"g-cols vc_row via_flex valign_top type_default stacking_default\"><div class=\"vc_col-sm-4 wpb_column vc_column_container\"><div class=\"vc_column-inner\"><div class=\"wpb_wrapper\"><div class=\"w-iconbox iconpos_top style_outlined color_primary align_center\"><div class=\"w-iconbox-icon\" style=\"font-size:2rem;\"><i class=\"fas fa-user-md\"><\/i><\/div><div class=\"w-iconbox-meta\"><h4 class=\"w-iconbox-title\">Consultation G\u00e9n\u00e9rale<\/h4><div class=\"w-iconbox-text\"><p>Prescription de lunettes-examen du fond d\u2019oeil-tension oculaire-champ visuel-biom\u00e9trie- scan OCT- laser YAG<\/p>\n<\/div><\/div><\/div><\/div><\/div><\/div><div class=\"vc_col-sm-4 wpb_column vc_column_container\"><div class=\"vc_column-inner\"><div class=\"wpb_wrapper\"><div class=\"w-iconbox iconpos_top style_outlined color_primary align_center\"><div class=\"w-iconbox-icon\" style=\"font-size:2rem;\"><i class=\"far fa-eye-slash\"><\/i><\/div><div class=\"w-iconbox-meta\"><h4 class=\"w-iconbox-title\">Glaucome<\/h4><div class=\"w-iconbox-text\"><p>Maladie caract\u00e9ris\u00e9e par une tension oculaire trop \u00e9lev\u00e9e. Elle provoque une atteinte du champ visuel, pas tout de suite remarqu\u00e9e par le patient. Un d\u00e9pistage \u00e0 partir de l\u2019\u00e2ge de 50 ans est donc conseill\u00e9.<\/p>\n<\/div><\/div><\/div><\/div><\/div><\/div><div class=\"vc_col-sm-4 wpb_column vc_column_container\"><div class=\"vc_column-inner\"><div class=\"wpb_wrapper\"><div class=\"w-iconbox iconpos_top style_outlined color_primary align_center\"><div class=\"w-iconbox-icon\" style=\"font-size:2rem;\"><i class=\"fas fa-plus-square\"><\/i><\/div><div class=\"w-iconbox-meta\"><h4 class=\"w-iconbox-title\">Chirurgie de la Cataracte<\/h4><div class=\"w-iconbox-text\"><p>La cataracte signifie un cristallin trouble. Les patients atteints sont d\u00e9rang\u00e9s par un \u201cbrouillard\u201d et des \u00e9blouissements. L\u2019op\u00e9ration consiste \u00e0 remplacer le cristallin par un implantunifocal\/multifoal\/torique.\u00a0L\u2019intervention se d\u00e9roule sous anesth\u00e9sie topique et dure 15 min.<\/p>\n<\/div><\/div><\/div><\/div><\/div><\/div><\/div><\/div><\/section><section class=\"l-section wpb_row height_small color_primary\"><div class=\"l-section-h i-cf\"><div class=\"g-cols vc_row via_flex valign_top type_default stacking_default\"><div class=\"vc_col-sm-4 wpb_column vc_column_container\"><div class=\"vc_column-inner\"><div class=\"wpb_wrapper\"><div class=\"w-iconbox iconpos_top style_outlined color_secondary align_center\"><div class=\"w-iconbox-icon\" style=\"font-size:2rem;\"><i class=\"fas fa-eye-dropper\"><\/i><\/div><div class=\"w-iconbox-meta\"><h4 class=\"w-iconbox-title\">Injections Intra Vitr\u00e9ennes<\/h4><div class=\"w-iconbox-text\"><p>Les injections sont indiqu\u00e9es dans la DMLA forme humide, occlusions veineuses, oed\u00e8me maculaire diab\u00e9tique,\u2026 L\u2019injection prend quelques secondes et se d\u00e9roule sous anesth\u00e9sie topique.<\/p>\n<\/div><\/div><\/div><\/div><\/div><\/div><div class=\"vc_col-sm-4 wpb_column vc_column_container\"><div class=\"vc_column-inner\"><div class=\"wpb_wrapper\"><div class=\"w-iconbox iconpos_top style_outlined color_secondary align_center\"><div class=\"w-iconbox-icon\" style=\"font-size:2rem;\"><i class=\"fas fa-bolt\"><\/i><\/div><div class=\"w-iconbox-meta\"><h4 class=\"w-iconbox-title\">Neuro-ophtalmologie<\/h4><div class=\"w-iconbox-text\"><p>Vision double, AVC, n\u00e9vrite optique, maux de t\u00eate<\/p>\n<\/div><\/div><\/div><\/div><\/div><\/div><div class=\"vc_col-sm-4 wpb_column vc_column_container\"><div class=\"vc_column-inner\"><div class=\"wpb_wrapper\"><div class=\"w-iconbox iconpos_top style_outlined color_secondary align_center\"><div class=\"w-iconbox-icon\" style=\"font-size:2rem;\"><i class=\"fas fa-medkit\"><\/i><\/div><div class=\"w-iconbox-meta\"><h4 class=\"w-iconbox-title\">Maladies de la Macula<\/h4><div class=\"w-iconbox-text\"><p>La DMLA est une maladie de la macula qui atteint de plus en plus de personnes dans le monde Occidental. Il existe 2 formes: s\u00e8che et humide. Le diagnostic se fait par fluo-angiographie et OCT. Un d\u00e9pistage est conseill\u00e9 \u00e0 partir de l\u2019\u00e2ge de 50 ans.<\/p>\n<\/div><\/div><\/div><\/div><\/div><\/div><\/div><\/div><\/section><section class=\"l-section wpb_row height_small color_secondary\"><div class=\"l-section-h i-cf\"><div class=\"g-cols vc_row via_flex valign_top type_default stacking_default\"><div class=\"vc_col-sm-12 wpb_column vc_column_container\"><div class=\"vc_column-inner\"><div class=\"wpb_wrapper\"><div class=\"w-actionbox color_secondary controls_right\"><div class=\"w-actionbox-text\"><h2 class=\"w-actionbox-title\">Avez-vous encore des questions?<\/h2><\/div><div class=\"w-actionbox-controls\"><a class=\"w-btn us-btn-style_3\" style=\"font-size:18px\" title=\"Contact\" href=\"https:\/\/woluwevision.be\/fr\/contact\/\"><span class=\"w-btn-label\">Contactez-nous<\/span><\/a><\/div><\/div><\/div><\/div><\/div><\/div><\/div><\/section>\n","protected":false},"excerpt":{"rendered":"Bienvenue chez Woluwevision Woluwevision est un cabinet d\u2019ophtalmologie sp\u00e9cialis\u00e9 dans les maladies li\u00e9es \u00e0 l\u2019\u00e2ge. Dr. Nancy VerdonckOphtalmologueJe suis Dr. Nancy Verdonck, Ophtalmologue trilingue \u00e0 Woluw\u00e9-Saint-Lambert, Bruxelles. J\u2019ai fait mes \u00e9tudes de m\u00e9decine aux Facult\u00e9s Universitaires Notre Dame de la Paix-Namur et \u00e0 la KUL (Katholieke Universiteit Leuven). J\u2019ai poursuivi mes ann\u00e9es de sp\u00e9cialisation en...","protected":false},"author":1,"featured_media":0,"parent":0,"menu_order":0,"comment_status":"closed","ping_status":"closed","template":"","meta":{"footnotes":""},"class_list":["post-2949","page","type-page","status-publish","hentry"],"yoast_head":"<!-- This site is optimized with the Yoast SEO plugin v27.4 - https:\/\/yoast.com\/product\/yoast-seo-wordpress\/ -->\n<title>Bienvenue | Ophtalmologue Nancy Verdonck Heidi Dullaert Woluwe-Saint-Lambert, Bruxelles - Woluwe Vision<\/title>\n<meta name=\"robots\" content=\"index, follow, max-snippet:-1, max-image-preview:large, max-video-preview:-1\" \/>\n<link rel=\"canonical\" href=\"https:\/\/woluwevision.be\/fr\/\" \/>\n<meta property=\"og:locale\" content=\"fr_FR\" \/>\n<meta property=\"og:type\" content=\"article\" \/>\n<meta property=\"og:title\" content=\"Bienvenue | Ophtalmologue Nancy Verdonck Heidi Dullaert Woluwe-Saint-Lambert, Bruxelles - Woluwe Vision\" \/>\n<meta property=\"og:url\" content=\"https:\/\/woluwevision.be\/fr\/\" \/>\n<meta property=\"og:site_name\" content=\"Woluwe Vision\" \/>\n<meta property=\"article:modified_time\" content=\"2026-04-15T18:48:26+00:00\" \/>\n<meta name=\"twitter:label1\" content=\"Dur\u00e9e de lecture estim\u00e9e\" \/>\n\t<meta name=\"twitter:data1\" content=\"4 minutes\" \/>\n<script type=\"application\/ld+json\" class=\"yoast-schema-graph\">{\"@context\":\"https:\\\/\\\/schema.org\",\"@graph\":[{\"@type\":\"WebPage\",\"@id\":\"https:\\\/\\\/woluwevision.be\\\/fr\\\/\",\"url\":\"https:\\\/\\\/woluwevision.be\\\/fr\\\/\",\"name\":\"Bienvenue | Ophtalmologue Nancy Verdonck Heidi Dullaert Woluwe-Saint-Lambert, Bruxelles - Woluwe Vision\",\"isPartOf\":{\"@id\":\"https:\\\/\\\/woluwevision.be\\\/fr\\\/#website\"},\"datePublished\":\"2014-09-06T13:44:17+00:00\",\"dateModified\":\"2026-04-15T18:48:26+00:00\",\"breadcrumb\":{\"@id\":\"https:\\\/\\\/woluwevision.be\\\/fr\\\/#breadcrumb\"},\"inLanguage\":\"fr-FR\",\"potentialAction\":[{\"@type\":\"ReadAction\",\"target\":[\"https:\\\/\\\/woluwevision.be\\\/fr\\\/\"]}]},{\"@type\":\"BreadcrumbList\",\"@id\":\"https:\\\/\\\/woluwevision.be\\\/fr\\\/#breadcrumb\",\"itemListElement\":[{\"@type\":\"ListItem\",\"position\":1,\"name\":\"Home\",\"item\":\"https:\\\/\\\/woluwevision.be\\\/fr\\\/\"},{\"@type\":\"ListItem\",\"position\":2,\"name\":\"Bienvenue | Ophtalmologue Nancy Verdonck Heidi Dullaert Woluwe-Saint-Lambert, Bruxelles\"}]},{\"@type\":\"WebSite\",\"@id\":\"https:\\\/\\\/woluwevision.be\\\/fr\\\/#website\",\"url\":\"https:\\\/\\\/woluwevision.be\\\/fr\\\/\",\"name\":\"WoluweVision\",\"description\":\"het oog wilt ook wat\",\"publisher\":{\"@id\":\"https:\\\/\\\/woluwevision.be\\\/fr\\\/#organization\"},\"potentialAction\":[{\"@type\":\"SearchAction\",\"target\":{\"@type\":\"EntryPoint\",\"urlTemplate\":\"https:\\\/\\\/woluwevision.be\\\/fr\\\/?s={search_term_string}\"},\"query-input\":{\"@type\":\"PropertyValueSpecification\",\"valueRequired\":true,\"valueName\":\"search_term_string\"}}],\"inLanguage\":\"fr-FR\"},{\"@type\":\"Organization\",\"@id\":\"https:\\\/\\\/woluwevision.be\\\/fr\\\/#organization\",\"name\":\"WoluweVision\",\"url\":\"https:\\\/\\\/woluwevision.be\\\/fr\\\/\",\"logo\":{\"@type\":\"ImageObject\",\"inLanguage\":\"fr-FR\",\"@id\":\"https:\\\/\\\/woluwevision.be\\\/fr\\\/#\\\/schema\\\/logo\\\/image\\\/\",\"url\":\"https:\\\/\\\/woluwevision.be\\\/wp-content\\\/uploads\\\/2015\\\/10\\\/LOGO-VERDONCK_web2.png\",\"contentUrl\":\"https:\\\/\\\/woluwevision.be\\\/wp-content\\\/uploads\\\/2015\\\/10\\\/LOGO-VERDONCK_web2.png\",\"width\":200,\"height\":200,\"caption\":\"WoluweVision\"},\"image\":{\"@id\":\"https:\\\/\\\/woluwevision.be\\\/fr\\\/#\\\/schema\\\/logo\\\/image\\\/\"}}]}<\/script>\n<!-- \/ Yoast SEO plugin. -->","yoast_head_json":{"title":"Bienvenue | Ophtalmologue Nancy Verdonck Heidi Dullaert Woluwe-Saint-Lambert, Bruxelles - Woluwe Vision","robots":{"index":"index","follow":"follow","max-snippet":"max-snippet:-1","max-image-preview":"max-image-preview:large","max-video-preview":"max-video-preview:-1"},"canonical":"https:\/\/woluwevision.be\/fr\/","og_locale":"fr_FR","og_type":"article","og_title":"Bienvenue | Ophtalmologue Nancy Verdonck Heidi Dullaert Woluwe-Saint-Lambert, Bruxelles - Woluwe Vision","og_url":"https:\/\/woluwevision.be\/fr\/","og_site_name":"Woluwe Vision","article_modified_time":"2026-04-15T18:48:26+00:00","twitter_misc":{"Dur\u00e9e de lecture estim\u00e9e":"4 minutes"},"schema":{"@context":"https:\/\/schema.org","@graph":[{"@type":"WebPage","@id":"https:\/\/woluwevision.be\/fr\/","url":"https:\/\/woluwevision.be\/fr\/","name":"Bienvenue | Ophtalmologue Nancy Verdonck Heidi Dullaert Woluwe-Saint-Lambert, Bruxelles - Woluwe Vision","isPartOf":{"@id":"https:\/\/woluwevision.be\/fr\/#website"},"datePublished":"2014-09-06T13:44:17+00:00","dateModified":"2026-04-15T18:48:26+00:00","breadcrumb":{"@id":"https:\/\/woluwevision.be\/fr\/#breadcrumb"},"inLanguage":"fr-FR","potentialAction":[{"@type":"ReadAction","target":["https:\/\/woluwevision.be\/fr\/"]}]},{"@type":"BreadcrumbList","@id":"https:\/\/woluwevision.be\/fr\/#breadcrumb","itemListElement":[{"@type":"ListItem","position":1,"name":"Home","item":"https:\/\/woluwevision.be\/fr\/"},{"@type":"ListItem","position":2,"name":"Bienvenue | Ophtalmologue Nancy Verdonck Heidi Dullaert Woluwe-Saint-Lambert, Bruxelles"}]},{"@type":"WebSite","@id":"https:\/\/woluwevision.be\/fr\/#website","url":"https:\/\/woluwevision.be\/fr\/","name":"WoluweVision","description":"het oog wilt ook wat","publisher":{"@id":"https:\/\/woluwevision.be\/fr\/#organization"},"potentialAction":[{"@type":"SearchAction","target":{"@type":"EntryPoint","urlTemplate":"https:\/\/woluwevision.be\/fr\/?s={search_term_string}"},"query-input":{"@type":"PropertyValueSpecification","valueRequired":true,"valueName":"search_term_string"}}],"inLanguage":"fr-FR"},{"@type":"Organization","@id":"https:\/\/woluwevision.be\/fr\/#organization","name":"WoluweVision","url":"https:\/\/woluwevision.be\/fr\/","logo":{"@type":"ImageObject","inLanguage":"fr-FR","@id":"https:\/\/woluwevision.be\/fr\/#\/schema\/logo\/image\/","url":"https:\/\/woluwevision.be\/wp-content\/uploads\/2015\/10\/LOGO-VERDONCK_web2.png","contentUrl":"https:\/\/woluwevision.be\/wp-content\/uploads\/2015\/10\/LOGO-VERDONCK_web2.png","width":200,"height":200,"caption":"WoluweVision"},"image":{"@id":"https:\/\/woluwevision.be\/fr\/#\/schema\/logo\/image\/"}}]}},"amp_enabled":true,"_links":{"self":[{"href":"https:\/\/woluwevision.be\/fr\/wp-json\/wp\/v2\/pages\/2949","targetHints":{"allow":["GET"]}}],"collection":[{"href":"https:\/\/woluwevision.be\/fr\/wp-json\/wp\/v2\/pages"}],"about":[{"href":"https:\/\/woluwevision.be\/fr\/wp-json\/wp\/v2\/types\/page"}],"author":[{"embeddable":true,"href":"https:\/\/woluwevision.be\/fr\/wp-json\/wp\/v2\/users\/1"}],"replies":[{"embeddable":true,"href":"https:\/\/woluwevision.be\/fr\/wp-json\/wp\/v2\/comments?post=2949"}],"version-history":[{"count":248,"href":"https:\/\/woluwevision.be\/fr\/wp-json\/wp\/v2\/pages\/2949\/revisions"}],"predecessor-version":[{"id":4264,"href":"https:\/\/woluwevision.be\/fr\/wp-json\/wp\/v2\/pages\/2949\/revisions\/4264"}],"wp:attachment":[{"href":"https:\/\/woluwevision.be\/fr\/wp-json\/wp\/v2\/media?parent=2949"}],"curies":[{"name":"wp","href":"https:\/\/api.w.org\/{rel}","templated":true}]}}